{"id":376,"date":"2024-01-12T14:41:13","date_gmt":"2024-01-12T13:41:13","guid":{"rendered":"https:\/\/www.cepv.ch\/inscription\/?page_id=376"},"modified":"2026-04-08T09:43:52","modified_gmt":"2026-04-08T07:43:52","slug":"formations-initiales-a-plein-temps","status":"publish","type":"page","link":"https:\/\/www.cepv.ch\/inscription\/depot-de-candidature\/formations-initiales-a-plein-temps\/","title":{"rendered":"Formations initiales \u00e0 plein temps"},"content":{"rendered":"<div class=\"the-content\"><h1>Proc\u00e9dure<b> de d\u00e9p\u00f4t de candidature au CEPV<\/b><\/h1>\n<h3>Avant-propos<\/h3>\n<ol>\n<li>Le d\u00e9p\u00f4t des candidatures se fait depuis le site internet du CEPV.<\/li>\n<li>Aucun courrier postal n\u2019est adress\u00e9 aux candidats concernant le d\u00e9p\u00f4t de candidature.<\/li>\n<li>Pour les maturit\u00e9s professionnelles <b>int\u00e9gr\u00e9es<\/b>, la demande d\u2019inscription se fait dans le formulaire de d\u00e9p\u00f4t de candidature dans les formations du CEPV.<\/li>\n<li>L\u2019admission dans les formations initiales (FAA-FPA) plein temps est soumise \u00e0 des tests d\u2019aptitudes et \u00e0 un entretien auquel le candidat se pr\u00e9sentera avec son dossier personnel.<\/li>\n<li>Les dates des tests d\u2019aptitudes et des entretiens ne peuvent faire l\u2019objet d\u2019aucun am\u00e9nagement pour raisons personnelles.<\/li>\n<li>Pour pouvoir participer aux tests d\u2019aptitude et aux entretiens des diff\u00e9rentes formations, le dossier administratif informatique doit contenir tous les documents requis par l\u2019Administration.<\/li>\n<li>Une finance forfaitaire d&#8217;admission de CHF 100.- est per\u00e7ue \u00e0 la validation de participation \u00e0 la formation pour chaque apprenti\u00b7e. Elle reste due en cas de d\u00e9sistement.<\/li>\n<\/ol>\n<p>En cas de non-respect des diff\u00e9rents d\u00e9lais lors de la proc\u00e9dure, la candidature sera supprim\u00e9e.<\/p>\n<h2>D\u00e9roulement<\/h2>\n<h3>A. D\u00e9p\u00f4t de candidature<\/h3>\n<ol>\n<li>Imprimer et lire cette page d\u00e9crivant la proc\u00e9dure de d\u00e9p\u00f4t de candidature pour les formations plein temps au CEPV.<\/li>\n<li>Remplir le formulaire de candidature via le liens d\u2019inscription, en bas de page. \u00c0 noter que pour compl\u00e9ter ce formulaire, le candidat aura besoin de tous les documents demand\u00e9s dans le point \u201d B. Dossier administratif \u201d ainsi que de son num\u00e9ro d\u2019AVS (inscrit sur la carte d\u2019assurance maladie) ou de S\u00e9curit\u00e9 Sociale. Le candidat peut en tout temps \u201d finir la demande ult\u00e9rieurement \u201d au bas de chaque page. Une fois valid\u00e9, le formulaire ne peut plus \u00eatre modifi\u00e9.<\/li>\n<li>Le candidat recevra un mail automatique de confirmation de d\u00e9p\u00f4t de candidature.* (ceci n\u2019est pas un mail de validation de la candidature)<\/li>\n<li>Le secr\u00e9tariat ne communiquera la validit\u00e9 de la candidature, par mail, que lorsqu\u2019il sera en possession du dossier administratif complet et ceci dans le d\u00e9lai imparti, indiqu\u00e9 dans le tableau \u201d <a href=\"https:\/\/www.cepv.ch\/inscription\/\" target=\"_blank\" rel=\"noopener\">Calendrier des inscriptions<\/a>\u00a0\u201c sous \u201d D\u00e9lai du d\u00e9p\u00f4t des candidatures \u201c.<\/li>\n<\/ol>\n<p><span class=\"legend\">* En cas de non-r\u00e9ception du courriel de confirmation, merci de contr\u00f4ler dans le courrier ind\u00e9sirable ; s\u2019il ne s\u2019y trouve pas, patienter quelques minutes. Il est possible que le fournisseur consid\u00e8re ce courriel comme spam (Gmail et Hotmail en particulier) et le rejette. Dans un tel cas, pri\u00e8re de nous communiquer une autre adresse de courriel.<\/span><\/p>\n<h3>B. Dossier administratif<\/h3>\n<p>Merci d\u2019\u00eatre attentif \u00e0 la date butoir indiqu\u00e9e dans le tableau \u201d<a href=\"https:\/\/www.cepv.ch\/inscription\/\" target=\"_blank\" rel=\"noopener\">Calendrier des inscriptions<\/a>\u00a0\u201c sous \u201d D\u00e9lai du d\u00e9p\u00f4t des candidatures \u201c.<\/p>\n<p>Les documents suivants sont \u00e0 ins\u00e9rer dans le d\u00e9p\u00f4t de candidature en ligne (format num\u00e9rique exig\u00e9) :<\/p>\n<ul>\n<li>Une\u00a0<b>photo r\u00e9cente<\/b>\u00a0au format passeport (35\u00d745 mm)<\/li>\n<li>Un\u00a0<b>curriculum vit\u00e6 <\/b>adapt\u00e9 \u00e0 chaque formation choisie<\/li>\n<li>Une\u00a0<b>lettre de motivation <\/b>adapt\u00e9e \u00e0 chaque formation choisie (maximum 1 page A4)<\/li>\n<li>Formation en 4 ans :\n<ul>\n<li>une copie du <b>certificat de fin de scolarit\u00e9 obligatoire<\/b> (pour les candidats ayant termin\u00e9 leur scolarit\u00e9)<\/li>\n<li>une copie du <b>dernier bulletin de notes de scolarit\u00e9 obligatoire<\/b><\/li>\n<\/ul>\n<\/li>\n<li>Formation en 2 ans :\n<ul>\n<li>une copie du dernier <b>certificat obtenu <\/b><\/li>\n<li>une copie du <strong>dernier bulletin de notes<\/strong><\/li>\n<\/ul>\n<\/li>\n<li>La validation de\u00a0<a href=\"https:\/\/www.vd.ch\/themes\/formation\/formation-professionnelle\/hors-canton\/\"><b>l\u2019autorisation de formation hors canton<\/b><\/a> pour les candidats domicili\u00e9s en Suisse mais hors du canton de Vaud (Demande via le bouton dans le formulaire d\u2019inscription)**<\/li>\n<\/ul>\n<p><span class=\"legend\">** Les candidats qui doivent obtenir cette autorisation en font eux-m\u00eames la demande aupr\u00e8s du service concern\u00e9. Il faut compter avec un d\u00e9lai suffisant pour que cette autorisation soit valid\u00e9e avant la date butoir de d\u00e9p\u00f4t des candidatures.<\/span><\/p>\n<h3><b>C. Dossier personnel<\/b><\/h3>\n<p>Le dossier personnel est constitu\u00e9 d\u2019<b>un travail \u00e0 r\u00e9aliser \u00e0 domicile<\/b> selon les consignes sp\u00e9cifiques de la section pour laquelle le candidat postule. Ces consignes seront publi\u00e9es sur le site du CEPV \u00e0 la date butoir indiqu\u00e9e dans le tableau \u201d <a href=\"https:\/\/www.cepv.ch\/inscription\/\" target=\"_blank\" rel=\"noopener\">Calendrier des inscriptions<\/a> \u201c sous \u201d Publication des consignes du dossier personnel \u201c.<\/p>\n<p>Pour la restitution du dossier personnel, se conformer aux indications mentionn\u00e9es dans les consignes sp\u00e9cifiques \u00e0 la section choisie.<\/p>\n<p><span class=\"legend\">N.B. Il ne sera donn\u00e9 aucune information suppl\u00e9mentaire au sujet du dossier personnel, ni par t\u00e9l\u00e9phone ni par courriel.<\/span><\/p>\n<h3><b>D. Test d\u2019aptitudes et entretien<\/b><\/h3>\n<p>Le candidat sera convoqu\u00e9 par mail au test d\u2019aptitudes et \u00e0 l\u2019entretien, \u00e0 la date indiqu\u00e9e dans le tableau \u201d <a href=\"https:\/\/www.cepv.ch\/inscription\/\" target=\"_blank\" rel=\"noopener\">Calendrier des inscriptions<\/a> \u201c sous \u201d Envoi des convocations par mail \u201c.<\/p>\n<p><span class=\"legend\">N.B. Il ne sera donn\u00e9 aucune information suppl\u00e9mentaire au sujet des tests d\u2019aptitudes ou des entretiens, ni par t\u00e9l\u00e9phone ni par courriel.<\/span><\/p>\n<h3><b>E. R\u00e9sultats<\/b><\/h3>\n<p>Chaque candidat sera inform\u00e9 personnellement par courrier postal de son admission ou non dans la section de son choix, \u00e0 la date indiqu\u00e9e dans le tableau \u201d <a href=\"https:\/\/www.cepv.ch\/inscription\/\" target=\"_blank\" rel=\"noopener\">Calendrier des inscriptions<\/a> \u201c sous \u201d R\u00e9ception des r\u00e9sultats, par courrier postal \u201c.<\/p>\n<h3><b>F. Rentr\u00e9e scolaire<\/b><\/h3>\n<ol>\n<li>Pour les candidats admis qui \u00e9taient en cours de formation pendant la proc\u00e9dure d\u2019admission, l\u2019inscription \u00e0 l\u2019Ecole n\u2019est d\u00e9finitive qu\u2019apr\u00e8s r\u00e9ception par le secr\u00e9tariat des documents manquants exig\u00e9s.<\/li>\n<li>Les futurs \u00e9l\u00e8ves recevront une convocation par courrier postal mi-juillet. Tous les documents concernant leur rentr\u00e9e seront disponibles sur leur intranet (cepv.ch) y compris les listes de mat\u00e9riel \u00e0 acqu\u00e9rir pour la rentr\u00e9e, dont une liste qui indique le mat\u00e9riel qui leur sera fourni par notre \u00e9conomat sur pr\u00e9sentation de la facture acquitt\u00e9e (facture adress\u00e9e par courrier dans le courant de l\u2019\u00e9t\u00e9).<\/li>\n<li>Pour les formations en photographie et polydesign 3D, l&#8217;utilisation d&#8217;un ordinateur portable personnel est exig\u00e9 pour la rentr\u00e9e scolaire. <a href=\"https:\/\/www.cepv.ch\/acquisition-ordinateur-byod\/\" target=\"_blank\" rel=\"noopener\">Acquisition d&#8217;un ordinateur portable<\/a><\/li>\n<\/ol>\n<p><span class=\"legend\">N.B.: Le secr\u00e9tariat n\u2019est pas qualifi\u00e9 pour donner des renseignements au sujet du mat\u00e9riel. Les questions seront trait\u00e9es directement avec les enseignants concern\u00e9s \u00e0 la rentr\u00e9e.<\/span><\/p>\n<h3><b>G. \u00c9colage annuel<\/b><\/h3>\n<ul>\n<li>R\u00e9sidents du canton de Vaud ou au b\u00e9n\u00e9fice d\u2019une autorisation du canton de domicile : Pas d\u2019\u00e9colage.<\/li>\n<li>\u00c9trangers (y compris frontaliers): CHF 14\u2019500.\u2013<\/li>\n<\/ul>\n<p>Voir le d\u00e9tail pour l\u2019ann\u00e9e scolaire en cours dans les\u00a0<a href=\"https:\/\/www.cepv.ch\/inscription\/conditions-generales\/\">conditions g\u00e9n\u00e9rales<\/a>.<\/p>\n<h3><b>H. Cas particuliers<\/b><\/h3>\n<p>Les cas particuliers sont trait\u00e9s par l\u2019autorit\u00e9 cantonale, sur pr\u00e9avis de la direction. Les candidats doivent alors avoir effectu\u00e9 la proc\u00e9dure compl\u00e8te de d\u00e9p\u00f4t de candidature et avoir soumis \u00e0 la direction une demande \u00e9crite comportant un dossier explicatif document\u00e9 (titres et autres \u00e9l\u00e9ments n\u00e9cessaires \u00e0 l\u2019\u00e9valuation) au moins 10 jours ouvrables avant la date butoir de d\u00e9p\u00f4t des candidatures dans la section choisie pour que la demande puisse \u00eatre prise en compte.<\/p>\n<\/div>","protected":false},"excerpt":{"rendered":"<p>Proc\u00e9dure de d\u00e9p\u00f4t de candidature au CEPV Avant-propos Le d\u00e9p\u00f4t des candidatures se fait depuis le site internet du CEPV. Aucun courrier postal n\u2019est adress\u00e9 aux candidats concernant le d\u00e9p\u00f4t de candidature. Pour les maturit\u00e9s professionnelles int\u00e9gr\u00e9es, la demande d\u2019inscription se fait dans le formulaire de d\u00e9p\u00f4t de candidature dans les formations du CEPV. L\u2019admission [&hellip;]<\/p>\n","protected":false},"author":3053,"featured_media":0,"parent":119,"menu_order":0,"comment_status":"closed","ping_status":"closed","template":"","meta":{"footnotes":""},"class_list":["post-376","page","type-page","status-publish","hentry"],"_links":{"self":[{"href":"https:\/\/www.cepv.ch\/inscription\/wp-json\/wp\/v2\/pages\/376","targetHints":{"allow":["GET"]}}],"collection":[{"href":"https:\/\/www.cepv.ch\/inscription\/wp-json\/wp\/v2\/pages"}],"about":[{"href":"https:\/\/www.cepv.ch\/inscription\/wp-json\/wp\/v2\/types\/page"}],"author":[{"embeddable":true,"href":"https:\/\/www.cepv.ch\/inscription\/wp-json\/wp\/v2\/users\/3053"}],"replies":[{"embeddable":true,"href":"https:\/\/www.cepv.ch\/inscription\/wp-json\/wp\/v2\/comments?post=376"}],"version-history":[{"count":0,"href":"https:\/\/www.cepv.ch\/inscription\/wp-json\/wp\/v2\/pages\/376\/revisions"}],"up":[{"embeddable":true,"href":"https:\/\/www.cepv.ch\/inscription\/wp-json\/wp\/v2\/pages\/119"}],"wp:attachment":[{"href":"https:\/\/www.cepv.ch\/inscription\/wp-json\/wp\/v2\/media?parent=376"}],"curies":[{"name":"wp","href":"https:\/\/api.w.org\/{rel}","templated":true}]}}